{"id":1344,"date":"2025-12-05T09:19:56","date_gmt":"2025-12-05T14:19:56","guid":{"rendered":"https:\/\/pgex.ca\/?post_type=product&#038;p=1344"},"modified":"2026-03-05T09:53:57","modified_gmt":"2026-03-05T14:53:57","slug":"lunette-de-protection","status":"publish","type":"product","link":"https:\/\/pgex.ca\/en\/produit\/lunette-de-protection\/","title":{"rendered":"Lunette de protection"},"content":{"rendered":"<ul class=\"a-unordered-list a-vertical a-spacing-small\">\n<li><span class=\"a-list-item a-size-base a-color-base\">Mat\u00e9riau durable : fabriqu\u00e9 \u00e0 partir de mat\u00e9riau en polycarbonate, l\u00e9ger, robuste et confortable, les verres transparents sont construits de mani\u00e8re durable pour r\u00e9sister \u00e0 l&#8217;usure, les lunettes garantissent l&#8217;absence de distorsion visuelle, offrant un environnement de travail s\u00fbr et efficace<\/span><\/li>\n<li><span class=\"a-list-item a-size-base a-color-base\">Certifi\u00e9 ANSI Z87.1 : conformes aux normes \u00e0 fort impact, ces lunettes de s\u00e9curit\u00e9 disposent d&#8217;un design de couverture compl\u00e8te avec un rev\u00eatement anti-rayures. Prot\u00e9gez vos yeux contre le m\u00e9tal volant, le bois, l&#8217;huile de frein, la poussi\u00e8re\/la salet\u00e9, les pierres et la broche. En outre, profitez de 98 % de blocage UV380<\/span><\/li>\n<li><span class=\"a-list-item a-size-base a-color-base\">Coupe confortable profil\u00e9e : ces lunettes s&#8217;adaptent tr\u00e8s pr\u00e8s de diff\u00e9rentes formes de visage pour une excellente protection sans se plier et inutilisable, conviennent aux hommes et aux femmes, portez-les pendant des heures sans ressentir de fatigue et sans laisser de marques inconfortables<\/span><\/li>\n<\/ul>\n","protected":false},"excerpt":{"rendered":"<h3 id=\"title\" class=\"a-size-large a-spacing-none\"><span id=\"productTitle\" class=\"a-size-large product-title-word-break\">Lunette de s\u00e9curit\u00e9 transparente avec verres transparents.<\/span><\/h3>\n<h3 class=\"a-size-large a-spacing-none\"><span id=\"productTitle\" class=\"a-size-large product-title-word-break\">Blocage UV380 \u00e0 98 %, r\u00e9sistantes aux rayures et aux chocs.<br \/>\nPour le travail, le laboratoire et la construction.<\/span><\/h3>\n","protected":false},"featured_media":1349,"comment_status":"open","ping_status":"closed","template":"","meta":{"_seopress_robots_primary_cat":"none","_seopress_titles_title":"","_seopress_titles_desc":"","_seopress_robots_index":""},"product_brand":[],"product_cat":[55],"product_tag":[],"class_list":{"0":"post-1344","1":"product","2":"type-product","3":"status-publish","4":"has-post-thumbnail","6":"product_cat-protection","8":"first","9":"instock","10":"taxable","11":"shipping-taxable","12":"purchasable","13":"product-type-simple"},"jetpack_sharing_enabled":true,"_links":{"self":[{"href":"https:\/\/pgex.ca\/en\/wp-json\/wp\/v2\/product\/1344","targetHints":{"allow":["GET"]}}],"collection":[{"href":"https:\/\/pgex.ca\/en\/wp-json\/wp\/v2\/product"}],"about":[{"href":"https:\/\/pgex.ca\/en\/wp-json\/wp\/v2\/types\/product"}],"replies":[{"embeddable":true,"href":"https:\/\/pgex.ca\/en\/wp-json\/wp\/v2\/comments?post=1344"}],"wp:featuredmedia":[{"embeddable":true,"href":"https:\/\/pgex.ca\/en\/wp-json\/wp\/v2\/media\/1349"}],"wp:attachment":[{"href":"https:\/\/pgex.ca\/en\/wp-json\/wp\/v2\/media?parent=1344"}],"wp:term":[{"taxonomy":"product_brand","embeddable":true,"href":"https:\/\/pgex.ca\/en\/wp-json\/wp\/v2\/product_brand?post=1344"},{"taxonomy":"product_cat","embeddable":true,"href":"https:\/\/pgex.ca\/en\/wp-json\/wp\/v2\/product_cat?post=1344"},{"taxonomy":"product_tag","embeddable":true,"href":"https:\/\/pgex.ca\/en\/wp-json\/wp\/v2\/product_tag?post=1344"}],"curies":[{"name":"wp","href":"https:\/\/api.w.org\/{rel}","templated":true}]}}