{"id":1248,"date":"2025-10-28T09:39:20","date_gmt":"2025-10-28T13:39:20","guid":{"rendered":"https:\/\/pgex.ca\/?post_type=product&#038;p=1248"},"modified":"2026-02-06T12:06:59","modified_gmt":"2026-02-06T17:06:59","slug":"gant-de-protection-en-nitrile-boite-de-100","status":"publish","type":"product","link":"https:\/\/pgex.ca\/en\/produit\/gant-de-protection-en-nitrile-boite-de-100\/","title":{"rendered":"Gant de protection en nitrile XL (Bo\u00eete de 100)"},"content":{"rendered":"<p>Les gants <strong data-start=\"255\" data-end=\"268\">TouchFlex<\/strong> offrent une <strong data-start=\"281\" data-end=\"322\">protection professionnelle sup\u00e9rieure<\/strong> pour tous les travaux d\u2019extermination, d\u2019entretien, ou d\u2019utilisation de produits chimiques l\u00e9gers. Con\u00e7us pour les techniciens exigeants, ils combinent <strong data-start=\"475\" data-end=\"521\">r\u00e9sistance, confort et sensibilit\u00e9 tactile<\/strong> exceptionnelle.<\/p>\n","protected":false},"excerpt":{"rendered":"<p>\u2705 <strong data-start=\"548\" data-end=\"580\">Caract\u00e9ristiques principales<\/strong><\/p>\n<ul data-start=\"581\" data-end=\"1153\">\n<li data-start=\"581\" data-end=\"676\">\n<p data-start=\"583\" data-end=\"676\"><strong data-start=\"583\" data-end=\"613\">Sans poudre \/ Non st\u00e9riles<\/strong> \u2013 Id\u00e9als pour les peaux sensibles, ne laissent aucun r\u00e9sidu.<\/p>\n<\/li>\n<li data-start=\"677\" data-end=\"788\">\n<p data-start=\"679\" data-end=\"788\"><strong data-start=\"679\" data-end=\"720\">Fabriqu\u00e9s en nitrile de haute qualit\u00e9<\/strong> \u2013 R\u00e9sistent aux perforations et \u00e0 de nombreux produits chimiques.<\/p>\n<\/li>\n<li data-start=\"789\" data-end=\"883\">\n<p data-start=\"791\" data-end=\"883\"><strong data-start=\"791\" data-end=\"837\">Test\u00e9s pour la chimioth\u00e9rapie (ASTM D6978)<\/strong> \u2013 Niveau de protection m\u00e9dicale sup\u00e9rieure.<\/p>\n<\/li>\n<li data-start=\"884\" data-end=\"981\">\n<p data-start=\"886\" data-end=\"981\"><strong data-start=\"886\" data-end=\"910\">Confort longue dur\u00e9e<\/strong> \u2013 Manchette perl\u00e9e et conception ambidextre pour un enfilage facile.<\/p>\n<\/li>\n<li data-start=\"982\" data-end=\"1060\">\n<p data-start=\"984\" data-end=\"1060\"><strong data-start=\"984\" data-end=\"996\">Jetables<\/strong> \u2013 Utilisation unique pour maximiser l\u2019hygi\u00e8ne et la s\u00e9curit\u00e9.<\/p>\n<\/li>\n<\/ul>\n<h4 data-start=\"1155\" data-end=\"1185\">\ud83d\udce6 <strong data-start=\"1163\" data-end=\"1185\">D\u00e9tails du produit<\/strong><\/h4>\n<ul data-start=\"1186\" data-end=\"1348\">\n<li data-start=\"1186\" data-end=\"1218\">\n<p data-start=\"1188\" data-end=\"1218\">Couleur : noir professionnel<\/p>\n<\/li>\n<li data-start=\"1219\" data-end=\"1242\">\n<p data-start=\"1221\" data-end=\"1242\">Longueur : 9 pouces<\/p>\n<\/li>\n<li data-start=\"1243\" data-end=\"1258\">\n<p data-start=\"1245\" data-end=\"1258\">Taille : XL<\/p>\n<\/li>\n<li data-start=\"1259\" data-end=\"1293\">\n<p data-start=\"1261\" data-end=\"1293\">Quantit\u00e9 : 100 gants par bo\u00eete<\/p>\n<\/li>\n<\/ul>\n","protected":false},"featured_media":1251,"comment_status":"open","ping_status":"closed","template":"","meta":{"_seopress_robots_primary_cat":"none","_seopress_titles_title":"","_seopress_titles_desc":"","_seopress_robots_index":""},"product_brand":[],"product_cat":[55],"product_tag":[],"class_list":{"0":"post-1248","1":"product","2":"type-product","3":"status-publish","4":"has-post-thumbnail","6":"product_cat-protection","8":"first","9":"instock","10":"sale","11":"taxable","12":"shipping-taxable","13":"purchasable","14":"product-type-simple"},"jetpack_sharing_enabled":true,"_links":{"self":[{"href":"https:\/\/pgex.ca\/en\/wp-json\/wp\/v2\/product\/1248","targetHints":{"allow":["GET"]}}],"collection":[{"href":"https:\/\/pgex.ca\/en\/wp-json\/wp\/v2\/product"}],"about":[{"href":"https:\/\/pgex.ca\/en\/wp-json\/wp\/v2\/types\/product"}],"replies":[{"embeddable":true,"href":"https:\/\/pgex.ca\/en\/wp-json\/wp\/v2\/comments?post=1248"}],"wp:featuredmedia":[{"embeddable":true,"href":"https:\/\/pgex.ca\/en\/wp-json\/wp\/v2\/media\/1251"}],"wp:attachment":[{"href":"https:\/\/pgex.ca\/en\/wp-json\/wp\/v2\/media?parent=1248"}],"wp:term":[{"taxonomy":"product_brand","embeddable":true,"href":"https:\/\/pgex.ca\/en\/wp-json\/wp\/v2\/product_brand?post=1248"},{"taxonomy":"product_cat","embeddable":true,"href":"https:\/\/pgex.ca\/en\/wp-json\/wp\/v2\/product_cat?post=1248"},{"taxonomy":"product_tag","embeddable":true,"href":"https:\/\/pgex.ca\/en\/wp-json\/wp\/v2\/product_tag?post=1248"}],"curies":[{"name":"wp","href":"https:\/\/api.w.org\/{rel}","templated":true}]}}