{"id":477,"date":"2025-01-28T15:40:20","date_gmt":"2025-01-28T20:40:20","guid":{"rendered":"https:\/\/pgex.ca\/nous-joindre\/"},"modified":"2025-02-04T16:00:01","modified_gmt":"2025-02-04T16:00:01","slug":"contact-us","status":"publish","type":"page","link":"https:\/\/pgex.ca\/en\/contact-us\/","title":{"rendered":"Contact Us"},"content":{"rendered":"<div class=\"wpb-content-wrapper\"><p>[vc_row type=&#8221;full_width&#8221; text_align=&#8221;inherit&#8221;][vc_column]<div class=\"templatera_shortcode\"><style type=\"text\/css\" data-type=\"vc_shortcodes-custom-css\">.vc_custom_1738267105519{background-color: #000000 !important;}<\/style><div class=\"vc_row wpb_row vc_row-fluid vc_custom_1738267105519 vc_row-has-fill row-full-width\"><div class=\"wpb_column vc_column_container vc_col-sm-12\"><div class=\"vc_column-inner\"><div class=\"wpb_wrapper\"><div class=\"vc_row wpb_row vc_inner vc_row-fluid padding-50 row-in-grid text-center\"><div class=\"container\"><div class=\"row-in-grid-inner vc_clearfix\"><div class=\"wpb_column vc_column_container vc_col-sm-12\"><div class=\"vc_column-inner\"><div class=\"wpb_wrapper\">\n\t<div class=\"wpb_text_column wpb_content_element white-text\" >\n\t\t<div class=\"wpb_wrapper\">\n\t\t\t<h2>24\/7 Extermination Service!<\/h2>\n\n\t\t<\/div>\n\t<\/div>\n\n\t<div class=\"wpb_text_column wpb_content_element white-text tt-normal no-ls\" >\n\t\t<div class=\"wpb_wrapper\">\n\t\t\t<h4>Rive Nord, Laval, Montreal, Laurentides<\/h4>\n\n\t\t<\/div>\n\t<\/div>\n<a href=\"tel:+15145459296\" target=\"_self\" class=\"dist-btn\">514-545-9296<\/a><\/div><\/div><\/div><\/div><\/div><\/div><\/div><\/div><\/div><\/div><\/div>[\/vc_column][\/vc_row][vc_row type=&#8221;in_grid&#8221; text_align=&#8221;center&#8221; el_class=&#8221;padding-100&#8243; css=&#8221;.vc_custom_1738268456882{background-color: #2F5561 !important;}&#8221;][vc_column][vc_row_inner type=&#8221;full_width&#8221; text_align=&#8221;inherit&#8221;][vc_column_inner][vc_column_text css=&#8221;&#8221; el_class=&#8221;white-text padding-b-50&#8243;]<\/p>\n<h2>Do you have questions? Contact us!<\/h2>\n<p>[\/vc_column_text][\/vc_column_inner][\/vc_row_inner][vc_row_inner type=&#8221;full_width&#8221; text_align=&#8221;inherit&#8221; el_class=&#8221;contact-tel-heures-row padding-b-50&#8243;][vc_column_inner width=&#8221;1\/2&#8243;][vc_column_text css=&#8221;&#8221; el_class=&#8221;white-text&#8221;]<\/p>\n<h3>Phone<\/h3>\n<p><a class=\"h1 no-ls tt-normal\" href=\"tel:+15145459296\">514-545-9296<\/a>[\/vc_column_text][\/vc_column_inner][vc_column_inner width=&#8221;1\/2&#8243;][vc_column_text css=&#8221;&#8221; el_class=&#8221;white-text&#8221;]<\/p>\n<h3>Opening hours<\/h3>\n<p class=\"h1 no-ls tt-normal\">*Open day and night<\/p>\n<p>[\/vc_column_text][\/vc_column_inner][\/vc_row_inner][vc_row_inner type=&#8221;full_width&#8221; text_align=&#8221;inherit&#8221; el_class=&#8221;soumission-inner-row&#8221;][vc_column_inner][vc_column_text css=&#8221;&#8221; el_class=&#8221;white-text&#8221;]<\/p>\n<h2>How can we help you?<\/h2>\n<p>[\/vc_column_text]\n<div class=\"wpcf7 no-js\" id=\"wpcf7-f541-o1\" lang=\"en-US\" dir=\"ltr\" data-wpcf7-id=\"541\">\n<div class=\"screen-reader-response\"><p role=\"status\" aria-live=\"polite\" aria-atomic=\"true\"><\/p> <ul><\/ul><\/div>\n<form action=\"\/en\/wp-json\/wp\/v2\/pages\/477#wpcf7-f541-o1\" method=\"post\" class=\"wpcf7-form init\" aria-label=\"Contact form\" novalidate=\"novalidate\" data-status=\"init\">\n<fieldset class=\"hidden-fields-container\"><input type=\"hidden\" name=\"_wpcf7\" value=\"541\" \/><input type=\"hidden\" name=\"_wpcf7_version\" value=\"6.1.5\" \/><input type=\"hidden\" name=\"_wpcf7_locale\" value=\"en_US\" \/><input type=\"hidden\" name=\"_wpcf7_unit_tag\" value=\"wpcf7-f541-o1\" \/><input type=\"hidden\" name=\"_wpcf7_container_post\" value=\"0\" \/><input type=\"hidden\" name=\"_wpcf7_posted_data_hash\" value=\"\" \/><input type=\"hidden\" name=\"_wpcf7_recaptcha_response\" value=\"\" \/>\n<\/fieldset>\n<div class=\"vc_row\">\n\t<div class=\"vc_col-sm-12\">\n\t\t<p><span class=\"wpcf7-form-control-wrap\" data-name=\"your-name\"><input size=\"40\" maxlength=\"400\" class=\"wpcf7-form-control wpcf7-text wpcf7-validates-as-required white-form-input\" aria-required=\"true\" aria-invalid=\"false\" placeholder=\"Full Name*\" value=\"\" type=\"text\" name=\"your-name\" \/><\/span>\n\t\t<\/p>\n\t<\/div>\n\t<div class=\"vc_col-sm-12\">\n\t\t<p><span class=\"wpcf7-form-control-wrap\" data-name=\"your-email\"><input size=\"40\" maxlength=\"400\" class=\"wpcf7-form-control wpcf7-email wpcf7-validates-as-required wpcf7-text wpcf7-validates-as-email white-form-input\" aria-required=\"true\" aria-invalid=\"false\" placeholder=\"Email*\" value=\"\" type=\"email\" name=\"your-email\" \/><\/span>\n\t\t<\/p>\n\t<\/div>\n\t<div class=\"vc_col-sm-12\">\n\t\t<p><span class=\"wpcf7-form-control-wrap\" data-name=\"telephone\"><input size=\"40\" maxlength=\"400\" class=\"wpcf7-form-control wpcf7-tel wpcf7-validates-as-required wpcf7-text wpcf7-validates-as-tel white-form-input\" aria-required=\"true\" aria-invalid=\"false\" placeholder=\"Phone*\" value=\"\" type=\"tel\" name=\"telephone\" \/><\/span>\n\t\t<\/p>\n\t<\/div>\n\t<div class=\"vc_col-sm-12\">\n\t\t<p><span class=\"wpcf7-form-control-wrap\" data-name=\"your-message\"><textarea cols=\"40\" rows=\"10\" maxlength=\"2000\" class=\"wpcf7-form-control wpcf7-textarea wpcf7-validates-as-required white-form-input\" aria-required=\"true\" aria-invalid=\"false\" placeholder=\"Message*\" name=\"your-message\"><\/textarea><\/span>\n\t\t<\/p>\n\t<\/div>\n\t<div class=\"vc_col-sm-12\">\n\t\t<p><input class=\"wpcf7-form-control wpcf7-submit has-spinner white-form-btn\" type=\"submit\" value=\"Send\" \/>\n\t\t<\/p>\n\t<\/div>\n\t<div class=\"vc_col-sm-12\" style=\"margin-top:10px;\">\n\t\t<p><small><br \/>\nBy submitting this form, you consent to the collection and use of your personal information in accordance with our<br \/>\n<a href=\"\/privacy-policy\/\" target=\"_blank\">Privacy Policy<\/a>.<br \/>\n<\/small>\n\t\t<\/p>\n\t<\/div>\n<\/div><input type=\"hidden\" id=\"ct_checkjs_cf7_9908279ebbf1f9b250ba689db6a0222b\" name=\"ct_checkjs_cf7\" value=\"0\" \/><script >setTimeout(function(){var ct_input_name = \"ct_checkjs_cf7_9908279ebbf1f9b250ba689db6a0222b\";if (document.getElementById(ct_input_name) !== null) {var ct_input_value = document.getElementById(ct_input_name).value;document.getElementById(ct_input_name).value = document.getElementById(ct_input_name).value.replace(ct_input_value, '683925856');}}, 1000);<\/script><input\n                    class=\"apbct_special_field apbct_email_id__wp_contact_form_7\"\n                    name=\"apbct__email_id__wp_contact_form_7\"\n                    aria-label=\"apbct__label_id__wp_contact_form_7\"\n                    type=\"text\" size=\"30\" maxlength=\"200\" autocomplete=\"off\"\n                    value=\"\"\n                \/><div class=\"wpcf7-response-output\" aria-hidden=\"true\"><\/div>\n<\/form>\n<\/div>\n[\/vc_column_inner][\/vc_row_inner][\/vc_column][\/vc_row][vc_row type=&#8221;in_grid&#8221; text_align=&#8221;inherit&#8221; el_class=&#8221;padding-50&#8243;][vc_column][vc_row_inner equal_height=&#8221;yes&#8221; type=&#8221;full_width&#8221; text_align=&#8221;inherit&#8221; el_class=&#8221;insectes-first-inner-row&#8221;][vc_column_inner width=&#8221;1\/2&#8243; css=&#8221;.vc_custom_1738252794426{background-color: #E9F6FB !important;}&#8221;][vc_column_text css=&#8221;&#8221;]<\/p>\n<h2>Is your city served by PGEX?<\/h2>\n<p>[\/vc_column_text][vc_column_text css=&#8221;&#8221;]<strong>EXTERMINATION NORTH SHORE<\/strong><\/p>\n<p>Deux-Montagnes, Oka, Saint-Eustache, Pointe-Calumet, Saint-Joseph-du-Lac, Sainte-Marthe-sur-le-Lac, Mirabel, Blainville, Boisbriand, Bois-des-Filion, Lorraine, Rosem\u00e8re, Sainte-Anne-des-Plaines et Sainte-Th\u00e9r\u00e8se. Mascouche, Terrebonne, Charlemagne, L&#8217;Assomption, Repentigny, Saint-Sulpice<\/p>\n<p><strong>EXTERMINATION LAVAL<\/strong><\/p>\n<p>Fabreville, Auteuil, Laval-des-rapides, Laval-sur-le-lac, Pont-Viau, Vimont, Sainte-Rose, Duvernay, Sainte-Doroth\u00e9e<\/p>\n<p><strong>EXTERMINATION MONTREAL<\/strong><\/p>\n<p>Montr\u00e9al- Nord, Lasalle, Lachine, Mont-Royal, Montr\u00e9al-Est<\/p>\n<p><strong>EXTERMINATION WEST ISLAND OF MONTREAL<\/strong><\/p>\n<p>Dorval, Pointe-Claire, Beaconsfield, Baie d\u2019Urfe, Senneville, Ste-Anne-de-Bellevue, Kirkland, Pierrefonds, Dollard-Des-Ormeaux, Ile Bizard<\/p>\n<p><strong>EXTERMINATION LAURENTIANS<\/strong><\/p>\n<p>Saint-J\u00e9r\u00f4me, Saint-Colomban, Saint-Janvier, Sainte-Sophie, Lachute, Brownsburg, Chatam, Saint-Andr\u00e9-d&#8217;Argenteuil, Coteau-des-H\u00eatres<\/p>\n<p><strong>\u00a0AND MORE<\/strong><\/p>\n<p>If your city is not in this list, please do not hesitate to contact us.[\/vc_column_text][\/vc_column_inner][vc_column_inner width=&#8221;1\/2&#8243; css=&#8221;.vc_custom_1738267222360{background-image: url(http:\/\/pgex.ca\/wp-content\/uploads\/2025\/01\/pgex-nous-joindre-img.png?id=244) !important;background-position: center !important;background-repeat: no-repeat !important;background-size: cover !important;}&#8221;][\/vc_column_inner][\/vc_row_inner][\/vc_column][\/vc_row]<\/p>\n<\/div>","protected":false},"excerpt":{"rendered":"24\/7 Extermination Service! Rive Nord, Laval, Montreal, Laurentides 514-545-9296 Do you have questions? Contact us! Phone 514-545-9296 Opening hours *Open day and night How can we help you? By submitting this form, you consent to the collection and use of your personal information in accordance with our Privacy Policy. Is your city served by PGEX? [...]","protected":false},"author":1,"featured_media":0,"parent":0,"menu_order":0,"comment_status":"closed","ping_status":"closed","template":"","meta":{"_seopress_robots_primary_cat":"","_seopress_titles_title":"","_seopress_titles_desc":"","_seopress_robots_index":"","footnotes":""},"class_list":["post-477","page","type-page","status-publish","hentry"],"jetpack_sharing_enabled":true,"_links":{"self":[{"href":"https:\/\/pgex.ca\/en\/wp-json\/wp\/v2\/pages\/477","targetHints":{"allow":["GET"]}}],"collection":[{"href":"https:\/\/pgex.ca\/en\/wp-json\/wp\/v2\/pages"}],"about":[{"href":"https:\/\/pgex.ca\/en\/wp-json\/wp\/v2\/types\/page"}],"author":[{"embeddable":true,"href":"https:\/\/pgex.ca\/en\/wp-json\/wp\/v2\/users\/1"}],"replies":[{"embeddable":true,"href":"https:\/\/pgex.ca\/en\/wp-json\/wp\/v2\/comments?post=477"}],"version-history":[{"count":4,"href":"https:\/\/pgex.ca\/en\/wp-json\/wp\/v2\/pages\/477\/revisions"}],"predecessor-version":[{"id":565,"href":"https:\/\/pgex.ca\/en\/wp-json\/wp\/v2\/pages\/477\/revisions\/565"}],"wp:attachment":[{"href":"https:\/\/pgex.ca\/en\/wp-json\/wp\/v2\/media?parent=477"}],"curies":[{"name":"wp","href":"https:\/\/api.w.org\/{rel}","templated":true}]}}